{"id":94,"date":"2016-03-07T10:40:22","date_gmt":"2016-03-07T10:40:22","guid":{"rendered":"http:\/\/tecnologiaperatothom.hol.es\/?page_id=94"},"modified":"2020-07-13T19:58:58","modified_gmt":"2020-07-13T18:58:58","slug":"necessito-material","status":"publish","type":"page","link":"https:\/\/txt.upc.edu\/?page_id=94","title":{"rendered":"Vols demanar material?"},"content":{"rendered":"<div class=\"item-page\">\n<p>Qualsevol entitat sense \u00e0nim de lucre que impulsi programes d&#8217;inter\u00e8s social pot demanar material al programa. Tamb\u00e9 centres educatius p\u00fablics, entitats de lleure i altres organismes que necessitin equips inform\u00e0tics per programes espec\u00edfics de suport a col\u00b7lectius en situaci\u00f3 o en risc d&#8217;exclusi\u00f3 tamb\u00e9 podran demanar material.<\/p>\n<p>Per fer-ho nom\u00e9s cal seguir el procediment descrit en el seg\u00fcent enlla\u00e7:<\/p>\n<ul>\n<li><a href=\"https:\/\/reutilitza.upc.edu\/ca\/sol-licitud-dequips\/procediment\">Sol\u00b7licitud de material<\/a><\/li>\n<\/ul>\n<\/div>\n<div class=\"item-page\">\n<div id=\"metabox_basic_settings\" class=\"postbox\">\n<div class=\"inside\">\n<table cellspacing=\"10\">\n<tbody>\n<tr>\n<td style=\"text-align: center;\" nowrap=\"nowrap\"><a href=\"mailto:reutilitza@txt.upc.edu\">reutilitza@txt.upc.edu<\/a><\/td>\n<\/tr>\n<\/tbody>\n<\/table>\n<\/div>\n<\/div>\n<div id=\"metabox_basic_settings\" class=\"postbox\"><\/div>\n<\/div>\n","protected":false},"excerpt":{"rendered":"<p>Qualsevol entitat sense \u00e0nim de lucre que impulsi programes d&#8217;inter\u00e8s social pot demanar material al programa. Tamb\u00e9 centres educatius p\u00fablics, entitats de lleure i altres organismes que necessitin equips inform\u00e0tics per programes espec\u00edfics de suport a col\u00b7lectius en situaci\u00f3 o en risc d&#8217;exclusi\u00f3 tamb\u00e9 podran demanar material. Per fer-ho nom\u00e9s cal seguir el procediment descrit &hellip; <a href=\"https:\/\/txt.upc.edu\/?page_id=94\" class=\"more-link\">Continue reading <span class=\"screen-reader-text\">Vols demanar material?<\/span> <span class=\"meta-nav\">&rarr;<\/span><\/a><\/p>\n","protected":false},"author":1,"featured_media":0,"parent":0,"menu_order":1,"comment_status":"closed","ping_status":"closed","template":"","meta":{"footnotes":""},"class_list":["post-94","page","type-page","status-publish","hentry"],"_links":{"self":[{"href":"https:\/\/txt.upc.edu\/index.php?rest_route=\/wp\/v2\/pages\/94","targetHints":{"allow":["GET"]}}],"collection":[{"href":"https:\/\/txt.upc.edu\/index.php?rest_route=\/wp\/v2\/pages"}],"about":[{"href":"https:\/\/txt.upc.edu\/index.php?rest_route=\/wp\/v2\/types\/page"}],"author":[{"embeddable":true,"href":"https:\/\/txt.upc.edu\/index.php?rest_route=\/wp\/v2\/users\/1"}],"replies":[{"embeddable":true,"href":"https:\/\/txt.upc.edu\/index.php?rest_route=%2Fwp%2Fv2%2Fcomments&post=94"}],"version-history":[{"count":4,"href":"https:\/\/txt.upc.edu\/index.php?rest_route=\/wp\/v2\/pages\/94\/revisions"}],"predecessor-version":[{"id":456,"href":"https:\/\/txt.upc.edu\/index.php?rest_route=\/wp\/v2\/pages\/94\/revisions\/456"}],"wp:attachment":[{"href":"https:\/\/txt.upc.edu\/index.php?rest_route=%2Fwp%2Fv2%2Fmedia&parent=94"}],"curies":[{"name":"wp","href":"https:\/\/api.w.org\/{rel}","templated":true}]}}