{"id":92,"date":"2016-03-07T10:40:08","date_gmt":"2016-03-07T10:40:08","guid":{"rendered":"http:\/\/tecnologiaperatothom.hol.es\/?page_id=92"},"modified":"2020-07-13T19:48:28","modified_gmt":"2020-07-13T18:48:28","slug":"vull-donar","status":"publish","type":"page","link":"https:\/\/txt.upc.edu\/?page_id=92","title":{"rendered":"Vull donar"},"content":{"rendered":"<h1><strong>Tinc un ordinador i vull donar-lo<\/strong><\/h1>\n<p>El criteris per acceptar material s\u00f3n:<\/p>\n<ul>\n<li>Les torres han de ser d&#8217;un any de fabricaci\u00f3 superior a 2009.<\/li>\n<li>Les pantalles planes (TFT), nom\u00e9s s&#8217;accepten si funcionen.<\/li>\n<li>Les pantalles de rajos cat\u00f2dics. No s&#8217;accepten per a la reutilitzaci\u00f3.<\/li>\n<li>Els port\u00e0tils, s&#8217;accepten tant si funcionen com si no funcionen. indiqueu el temps aproximat de durada de la bateria.<\/li>\n<li>Perif\u00e8rics (ratolins, teclats, etc&#8230;). Nom\u00e9s si funcionen.<\/li>\n<\/ul>\n<p>L&#8217;associaci\u00f3 pot donar certificats d&#8217;<strong>esborrat de dades segur<\/strong>, per tal d&#8217;assegurar que les dades del teu ordinador han sigut esborrades totalment.<\/p>\n<p>Per les empreses, en donacions grans es realitza una <strong>taxaci\u00f3 del material<\/strong> donat, el qual podran desgravar en impostos.<\/p>\n<p>Per donar el material nom\u00e9s cal enviar un correu a <strong>reutilitza@gmail.com<\/strong>.<\/p>\n<p><center><a href=\"mailto:reutilitza@gmail.com\"><span style=\"color: #ff0000; font-size: large;\"> e-mail: reutilitza@gmail.com<\/span><\/a><\/center><\/p>\n<hr \/>\n","protected":false},"excerpt":{"rendered":"<p>Tinc un ordinador i vull donar-lo El criteris per acceptar material s\u00f3n: Les torres han de ser d&#8217;un any de fabricaci\u00f3 superior a 2009. Les pantalles planes (TFT), nom\u00e9s s&#8217;accepten si funcionen. Les pantalles de rajos cat\u00f2dics. No s&#8217;accepten per a la reutilitzaci\u00f3. Els port\u00e0tils, s&#8217;accepten tant si funcionen com si no funcionen. indiqueu el &hellip; <a href=\"https:\/\/txt.upc.edu\/?page_id=92\" class=\"more-link\">Continue reading <span class=\"screen-reader-text\">Vull donar<\/span> <span class=\"meta-nav\">&rarr;<\/span><\/a><\/p>\n","protected":false},"author":1,"featured_media":0,"parent":0,"menu_order":2,"comment_status":"closed","ping_status":"closed","template":"","meta":{"footnotes":""},"class_list":["post-92","page","type-page","status-publish","hentry"],"_links":{"self":[{"href":"https:\/\/txt.upc.edu\/index.php?rest_route=\/wp\/v2\/pages\/92","targetHints":{"allow":["GET"]}}],"collection":[{"href":"https:\/\/txt.upc.edu\/index.php?rest_route=\/wp\/v2\/pages"}],"about":[{"href":"https:\/\/txt.upc.edu\/index.php?rest_route=\/wp\/v2\/types\/page"}],"author":[{"embeddable":true,"href":"https:\/\/txt.upc.edu\/index.php?rest_route=\/wp\/v2\/users\/1"}],"replies":[{"embeddable":true,"href":"https:\/\/txt.upc.edu\/index.php?rest_route=%2Fwp%2Fv2%2Fcomments&post=92"}],"version-history":[{"count":7,"href":"https:\/\/txt.upc.edu\/index.php?rest_route=\/wp\/v2\/pages\/92\/revisions"}],"predecessor-version":[{"id":453,"href":"https:\/\/txt.upc.edu\/index.php?rest_route=\/wp\/v2\/pages\/92\/revisions\/453"}],"wp:attachment":[{"href":"https:\/\/txt.upc.edu\/index.php?rest_route=%2Fwp%2Fv2%2Fmedia&parent=92"}],"curies":[{"name":"wp","href":"https:\/\/api.w.org\/{rel}","templated":true}]}}