{"id":83,"date":"2016-03-01T08:38:23","date_gmt":"2016-03-01T08:38:23","guid":{"rendered":"http:\/\/tecnologiaperatothom.hol.es\/?page_id=83"},"modified":"2020-07-13T20:08:11","modified_gmt":"2020-07-13T19:08:11","slug":"jornades-reutilitza","status":"publish","type":"page","link":"https:\/\/txt.upc.edu\/?page_id=83","title":{"rendered":"Projecte UPC Reutilitza"},"content":{"rendered":"<p><a href=\"http:\/\/reutilitza.upc.edu\/ca\"><img loading=\"lazy\" decoding=\"async\" class=\"aligncenter\" src=\"https:\/\/reutilitza.upc.edu\/resolveuid\/07bfe155-2452-4ce8-b70d-d30f8c57adde\" width=\"550\" height=\"245\" \/><\/a>El <strong>Programa UPC Reutilitza <\/strong>\u00e9s una iniciativa de la UPC que, combinant l&#8217;<strong>aprenentatge amb el servei social <\/strong>i amb\u00a0la\u00a0col\u00b7laboraci\u00f3\u00a0de <strong>Tecnologia per\u00a0tothom<\/strong>, t\u00e9 per objectiu la reutilitzaci\u00f3 dels equips i recursos inform\u00e0tics que es renoven tant a la mateixa universitat com en altres entitats. Despr\u00e9s d&#8217;un treball de revisi\u00f3 i de posada a punt dels equips, aquests es posen a disposici\u00f3 d&#8217;entitats d&#8217;inter\u00e8s social i de programes solidaris.<\/p>\n<p>Per a entrar a la web del projecte connecta&#8217;t a: <a href=\"http:\/\/reutilitza.upc.edu\/ca\">http:\/\/reutilitza.upc.edu\/ca<\/a><\/p>\n","protected":false},"excerpt":{"rendered":"<p>El Programa UPC Reutilitza \u00e9s una iniciativa de la UPC que, combinant l&#8217;aprenentatge amb el servei social i amb\u00a0la\u00a0col\u00b7laboraci\u00f3\u00a0de Tecnologia per\u00a0tothom, t\u00e9 per objectiu la reutilitzaci\u00f3 dels equips i recursos inform\u00e0tics que es renoven tant a la mateixa universitat com en altres entitats. Despr\u00e9s d&#8217;un treball de revisi\u00f3 i de posada a punt dels equips, &hellip; <a href=\"https:\/\/txt.upc.edu\/?page_id=83\" class=\"more-link\">Continue reading <span class=\"screen-reader-text\">Projecte UPC Reutilitza<\/span> <span class=\"meta-nav\">&rarr;<\/span><\/a><\/p>\n","protected":false},"author":1,"featured_media":0,"parent":0,"menu_order":3,"comment_status":"closed","ping_status":"closed","template":"","meta":{"footnotes":""},"class_list":["post-83","page","type-page","status-publish","hentry"],"_links":{"self":[{"href":"https:\/\/txt.upc.edu\/index.php?rest_route=\/wp\/v2\/pages\/83","targetHints":{"allow":["GET"]}}],"collection":[{"href":"https:\/\/txt.upc.edu\/index.php?rest_route=\/wp\/v2\/pages"}],"about":[{"href":"https:\/\/txt.upc.edu\/index.php?rest_route=\/wp\/v2\/types\/page"}],"author":[{"embeddable":true,"href":"https:\/\/txt.upc.edu\/index.php?rest_route=\/wp\/v2\/users\/1"}],"replies":[{"embeddable":true,"href":"https:\/\/txt.upc.edu\/index.php?rest_route=%2Fwp%2Fv2%2Fcomments&post=83"}],"version-history":[{"count":5,"href":"https:\/\/txt.upc.edu\/index.php?rest_route=\/wp\/v2\/pages\/83\/revisions"}],"predecessor-version":[{"id":457,"href":"https:\/\/txt.upc.edu\/index.php?rest_route=\/wp\/v2\/pages\/83\/revisions\/457"}],"wp:attachment":[{"href":"https:\/\/txt.upc.edu\/index.php?rest_route=%2Fwp%2Fv2%2Fmedia&parent=83"}],"curies":[{"name":"wp","href":"https:\/\/api.w.org\/{rel}","templated":true}]}}