{"id":81,"date":"2016-03-01T08:28:21","date_gmt":"2016-03-01T08:28:21","guid":{"rendered":"http:\/\/tecnologiaperatothom.hol.es\/?page_id=81"},"modified":"2016-11-23T11:48:35","modified_gmt":"2016-11-23T11:48:35","slug":"publicacions","status":"publish","type":"page","link":"https:\/\/txt.upc.edu\/?page_id=81","title":{"rendered":"Publicacions"},"content":{"rendered":"<h1>Publicacions<\/h1>\n<h4>2013<\/h4>\n<ul>\n<li>David Franquesa, David L\u00f3pez, Leandro Navarro, and Ferm\u00edn S\u00e1nchez. &#8220;Participatory Service-Learning Process for FOSS-based solidarity Projects&#8221;. Chapter 4 in &#8220;Free and Open Source Software Technology for Sustainable Development&#8221; edited by Dr. Sulayman K. Sowe, Prof. Govindan Parayil and Prof. Atsushi Sunami, United Nations University Press. pp. 76-97. September 2012. ISBN: 978-92-808-1217-6 (<a class=\"external text\" title=\"http:\/\/unu.edu\/publications\/books\/free-and-open-source-software-technology-for-sustainable-development.html\" href=\"http:\/\/unu.edu\/publications\/books\/free-and-open-source-software-technology-for-sustainable-development.html\" rel=\"nofollow\">Congreso<\/a>)<\/li>\n<\/ul>\n<ul>\n<li>David L\u00f3pez, David Franquesa, Leandro Navarro, and Ferm\u00edn S\u00e1nchez. &#8220;ICT4D projects as a tool for Service Learning&#8221;. Proceedings of the 4th. World Conference on Educational Sciences. Barcelona, Spain, 2-5 February, 2012 (<a class=\"external text\" title=\"http:\/\/personals.ac.upc.edu\/david\/recerca\/papers\/WCES.pdf\" href=\"http:\/\/personals.ac.upc.edu\/david\/recerca\/papers\/WCES.pdf\" rel=\"nofollow\">PDF<\/a>)<\/li>\n<\/ul>\n<h4 style=\"text-align: justify;\">2011<\/h4>\n<ul style=\"text-align: justify;\">\n<li>David Franquesa, David L\u00f3pez, Carlos \u00c1lvarez y Ferm\u00edn S\u00e1nchez. &#8220;Marco en TIC y RSC\/Sostenibilidad para una universidad tecnol\u00f3gica&#8221;. XIX Congreso de EBEN (European Business Ethics Network) Espa\u00f1a. TRANSFORMAR EL MUNDO\u2010HUMANIZAR LA TECNICA. \u00c9tica, Responsabilidad Social e Innovaci\u00f3n. Barcelona, 29, 30 Junio y 1 Julio 2011 (Congreso) (<a class=\"external text\" title=\"http:\/\/personals.ac.upc.edu\/david\/recerca\/papers\/EbenFinal.pdf\" href=\"http:\/\/personals.ac.upc.edu\/david\/recerca\/papers\/EbenFinal.pdf\" rel=\"nofollow\">PDF<\/a>)<\/li>\n<\/ul>\n<ul>\n<li style=\"text-align: justify;\">David Franquesa, Eva Vendrell, and David L\u00f3pez. &#8220;Business Intelligence for Social Networks&#8221;. BI Spektrum Num. 03\/2011, pp 20-23. August 2011. ISSN 1862-5789 (<a class=\"external text\" title=\"http:\/\/www.bi-spektrum.de\/\" href=\"http:\/\/www.bi-spektrum.de\/\" rel=\"nofollow\">web<\/a>)<\/li>\n<\/ul>\n<h4>2010<span class=\"mw-headline\"><br \/>\n<\/span><\/h4>\n<ul>\n<li style=\"text-align: justify;\">David Franquesa, Josep-Lloren\u00e7 Cruz, Carlos \u00c1lvarez, Ferm\u00edn S\u00e1nchez, Agust\u00edn Fern\u00e1ndez, David L\u00f3pez. &#8220;C\u00f3mo formar Ingenieros en Inform\u00e1tica en la competencia Sostenibilidad y Compromiso Social&#8221;. Cap\u00edtulo en el libro TICAI (TICs Aplicadas para el aprendizaje de la Ingenier\u00eda) 2010. (<a class=\"external text\" title=\"http:\/\/personals.ac.upc.edu\/david\/recerca\/papers\/TICAI.2010.Sost.pdf\" href=\"http:\/\/personals.ac.upc.edu\/david\/recerca\/papers\/TICAI.2010.Sost.pdf\" rel=\"nofollow\">PDF<\/a>).<\/li>\n<\/ul>\n<ul style=\"text-align: justify;\">\n<li>Marc Alier, David L\u00f3pez, Jordi Garcia, Ferm\u00edn S\u00e1nchez. &#8220;Les TIC i la sostenibilitat&#8221;. Cap\u00edtol 33 del llibre: Carrera, E. i Segal\u00e0s, J. (ed.). Tecnologia i Sostenibilitat [en l\u00ednia]. Terrassa: Universitat Polit\u00e8cnica de Catalunya. C\u00e0tedra UNESCO de Sostenibilitat, 2010. (<a class=\"external text\" title=\"http:\/\/tecnologiaisostenibilitat.cus.upc.edu\" href=\"http:\/\/tecnologiaisostenibilitat.cus.upc.edu\" rel=\"nofollow\">Llibre<\/a>, <a class=\"external text\" title=\"http:\/\/tecnologiaisostenibilitat.cus.upc.edu\/continguts\/les-tic-i-la-sostenibilitat\" href=\"http:\/\/tecnologiaisostenibilitat.cus.upc.edu\/continguts\/les-tic-i-la-sostenibilitat\" rel=\"nofollow\">Cap\u00edtol<\/a>)<\/li>\n<\/ul>\n<ul style=\"text-align: justify;\">\n<li>David L\u00f3pez, Martha Velasco, Fermin Sanchez, Marc Alier, Jordi Garcia.&#8221;Introducing Sustainability and Social Commitment Concepts in a Computing Degree&#8221;. 5th. International Barcelona Conference on Higher Education. Higher Education&#8217;s Commitment to Sustainability: from Understanding to Action. Barcelona 23-25 november 2010 (<a class=\"external text\" title=\"http:\/\/personals.ac.upc.edu\/david\/recerca\/papers\/poster.GUNI.pdf\" href=\"http:\/\/personals.ac.upc.edu\/david\/recerca\/papers\/poster.GUNI.pdf\" rel=\"nofollow\">poster<\/a>).<\/li>\n<\/ul>\n<ul style=\"text-align: justify;\">\n<li>David Franquesa, Leandro Navarro. &#8220;Spanish report: ICTs and Climate Change and Ewaste&#8221;, Cap\u00edtol de llibre &#8220;Global Information Society Watch 2010 Report&#8221;, Asociaci\u00f3n para el Progreso de las Comunicaciones -APC, 2010. (<a class=\"external text\" title=\"http:\/\/www.giswatch.org\/sites\/default\/files\/gisw2010countryspain_en.pdf\" href=\"http:\/\/www.giswatch.org\/sites\/default\/files\/gisw2010countryspain_en.pdf\" rel=\"nofollow\">PDF<\/a>)<\/li>\n<\/ul>\n<ul style=\"text-align: justify;\">\n<li>David Franquesa, Josep-Lloren\u00e7 Cruz, Carlos Alvarez, Ferm\u00edn S\u00e1nchez, Agust\u00edn Fernandez, David L\u00f3pez. \u201dThe Social and Environmental Impact of Engineering Solutions: from the Lab to the Real World\u201d. International Journal of Engineering Education (Special Issue on Applications of Engineering Education Research ). Vol 26, No 5, pp 1144-1155. ISSN 0949-149X. October 2010(<a class=\"external text\" title=\"http:\/\/www.ijee.dit.ie\/latestissues\/Vol26-5\/13_Ijee2368.pdf\" href=\"http:\/\/www.ijee.dit.ie\/latestissues\/Vol26-5\/13_Ijee2368.pdf\" rel=\"nofollow\">PDF<\/a>).<\/li>\n<\/ul>\n<ul style=\"text-align: justify;\">\n<li>David L\u00f3pez. \u201cGu\u00eda para Investigadores en Educaci\u00f3n\u201d. IEEE RITA: Revista Iberoamericana de Tecnologias del Aprendizaje. Vol 5. No 3. P\u00e1ginas 115-121. Agosto 2010 ISSN: 1932-8540 (<a class=\"external text\" title=\"http:\/\/personals.ac.upc.edu\/david\/recerca\/papers\/IEEE-RITA.2010.V5.N3.pdf\" href=\"http:\/\/personals.ac.upc.edu\/david\/recerca\/papers\/IEEE-RITA.2010.V5.N3.pdf\" rel=\"nofollow\">PDF<\/a>).<\/li>\n<\/ul>\n<ul style=\"text-align: justify;\">\n<li>David L\u00f3pez, Josep-Lloren\u00e7 Cruz, Carlos \u00c1lvarez, Agust\u00edn Fern\u00e1ndez, Ferm\u00edn S\u00e1nchez. &#8220;Mam\u00e1, de mayor quiero ser ingeniero\/a en inform\u00e1tica&#8221;. XVI Jornadas de Ense\u00f1anza Universitaria de la Inform\u00e1tica, JENUI 2010. Santiago de Compostela, julio de 2010, pp 103-110. ISBN: 84-693-3741-7 (<a class=\"external text\" title=\"http:\/\/personals.ac.upc.edu\/david\/recerca\/papers\/Jenui2010.Mama.pdf\" href=\"http:\/\/personals.ac.upc.edu\/david\/recerca\/papers\/Jenui2010.Mama.pdf\" rel=\"nofollow\">PDF<\/a>).<\/li>\n<\/ul>\n<ul style=\"text-align: justify;\">\n<li>Ferm\u00edn S\u00e1nchez, David L\u00f3pez, Jordi Garcia. &#8220;El desarrollo de la competencia Sostenibilidad y Compromiso Social en la Facultat d&#8217;Inform\u00e0tica de Barcelona&#8221;. XVI Jornadas de Ense\u00f1anza Universitaria de la Inform\u00e1tica, JENUI 2010. Santiago de Compostela, julio de 2010, pp 249-256. ISBN: 84-693-3741-7 (<a class=\"external text\" title=\"http:\/\/personals.ac.upc.edu\/david\/recerca\/papers\/Jenui2010.SyCS.pdf\" href=\"http:\/\/personals.ac.upc.edu\/david\/recerca\/papers\/Jenui2010.SyCS.pdf\" rel=\"nofollow\">PDF<\/a>).<\/li>\n<\/ul>\n<ul style=\"text-align: justify;\">\n<li>David L\u00f3pez, Josep-Lloren\u00e7 Cruz, Carlos \u00c1lvarez, Agust\u00edn Fern\u00e1ndez, Ferm\u00edn S\u00e1nchez. &#8220;Formando el profesorado de secundaria para aumentar la captaci\u00f3n de estudiantes en carreras de ingenier\u00eda&#8221;. Congreso Internacional Docencia Universitaria e Innovaci\u00f3n, CIDUI 2010. Barcelona, julio de 2010. ISBN: 978-84-8458-339-4(<a class=\"external text\" title=\"http:\/\/personals.ac.upc.edu\/david\/recerca\/papers\/CIDUI2010_paper.pdf\" href=\"http:\/\/personals.ac.upc.edu\/david\/recerca\/papers\/CIDUI2010_paper.pdf\" rel=\"nofollow\">Paper PDF<\/a>).<\/li>\n<\/ul>\n<ul>\n<li style=\"text-align: justify;\">David L\u00f3pez, David Franquesa. &#8220;El meu ordinador vulnera els drets humans? El cost social i ambiental de l\u2019alta tecnologia \/ \u00bfMi ordenador vulnera los derechos humanos? El coste social y ambiental de la alta tecnolog\u00eda&#8221;. Revista &#8220;DRETS HUMANS EMERGENTS \/ DERECHOS HUMANOS EMERGENTES&#8221; num. 6: &#8220;Efectes de les Tecnologies de la Informaci\u00f3 i la Comunicaci\u00f3 sobre els Drets Humans \/ Efectos de las tecnolog\u00edas de la informaci\u00f3n y la comunicaci\u00f3n sobre los derechos humanos&#8221;. Institut Catal\u00e0 de Drets Humans. 2010. ISSN: 2013-7249 (<a class=\"external text\" title=\"http:\/\/www.idhc.org\/cat\/1243_doc.asp\" href=\"http:\/\/www.idhc.org\/cat\/1243_doc.asp\" rel=\"nofollow\">web<\/a>) (<a class=\"external text\" title=\"http:\/\/personals.ac.upc.edu\/david\/recerca\/papers\/ICDH.es.pdf\" href=\"http:\/\/personals.ac.upc.edu\/david\/recerca\/papers\/ICDH.es.pdf\" rel=\"nofollow\">PDF in spanish<\/a>) (<a class=\"external text\" title=\"http:\/\/personals.ac.upc.edu\/david\/recerca\/papers\/ICDH.cat.pdf\" href=\"http:\/\/personals.ac.upc.edu\/david\/recerca\/papers\/ICDH.cat.pdf\" rel=\"nofollow\">PDF in catalan<\/a>).<\/li>\n<\/ul>\n<h4>2009<\/h4>\n<ul>\n<li style=\"text-align: justify;\">David Franquesa. &#8220;La fortuna dels Commons&#8221;. Revista Educaci\u00f3 i Sostenibilitat. No 7, hivern 2009. ISSN 1988-2122. Multilanguage (<a class=\"external text\" title=\"http:\/\/es-online.info\/en\/\" href=\"http:\/\/es-online.info\/en\/\" rel=\"nofollow\">WEB<\/a> | English &#8211; to appear &#8211; | <a class=\"external text\" title=\"http:\/\/personals.ac.upc.edu\/david\/recerca\/papers\/DFG.suec.pdf\" href=\"http:\/\/personals.ac.upc.edu\/david\/recerca\/papers\/DFG.suec.pdf\" rel=\"nofollow\">Swedish<\/a> | <a class=\"external text\" title=\"http:\/\/personals.ac.upc.edu\/david\/recerca\/papers\/DFG.cat.pdf\" href=\"http:\/\/personals.ac.upc.edu\/david\/recerca\/papers\/DFG.cat.pdf\" rel=\"nofollow\">Catal\u00e0<\/a> | Castellano &#8211; en breve- ).<\/li>\n<\/ul>\n<ul style=\"text-align: justify;\">\n<li>David L\u00f3pez. &#8220;La cara oculta de la tecnologia&#8221;. Revista Educaci\u00f3 i Sostenibilitat. No 7, hivern 2009. ISSN 1988-2122. Multilanguage (<a class=\"external text\" title=\"http:\/\/es-online.info\/en\/\" href=\"http:\/\/es-online.info\/en\/\" rel=\"nofollow\">WEB<\/a> | English &#8211; to appear &#8211; | <a class=\"external text\" title=\"http:\/\/personals.ac.upc.edu\/david\/recerca\/papers\/DLA.suec.pdf\" href=\"http:\/\/personals.ac.upc.edu\/david\/recerca\/papers\/DLA.suec.pdf\" rel=\"nofollow\">Swedish<\/a> | <a class=\"external text\" title=\"http:\/\/personals.ac.upc.edu\/david\/recerca\/papers\/DLA.cat.pdf\" href=\"http:\/\/personals.ac.upc.edu\/david\/recerca\/papers\/DLA.cat.pdf\" rel=\"nofollow\">Catal\u00e0<\/a> | Castellano &#8211; en breve- ).<\/li>\n<\/ul>\n<ul style=\"text-align: justify;\">\n<li>David Franquesa, Caterina Amengual. &#8220;Network research by data graph management for capacity development and knowledge building in sustainable sanitation&#8221;. II International conference on sustanability measurement and modeling, 5 &#8211; 6 November 2009, Terrassa, Spain. (<a class=\"external text\" title=\"http:\/\/personals.ac.upc.edu\/david\/recerca\/papers\/Franquesa-ICSMM2009-revista.1.1.0.pdf\" href=\"http:\/\/personals.ac.upc.edu\/david\/recerca\/papers\/Franquesa-ICSMM2009-revista.1.1.0.pdf\" rel=\"nofollow\">PDF<\/a>)<\/li>\n<\/ul>\n<ul style=\"text-align: justify;\">\n<li>David Franquesa, Caterina Amengual. &#8220;Network Analyses to Participatory Evaluation of Capacity Development on Sustainable Sanitation&#8221;. Stakeholder Perspectives in Evaluating Sustainable Development. EASY-ECO Budapest Conference. October 2009. (<a class=\"external text\" title=\"http:\/\/www.wu.ac.at\/inst\/fsnu\/budapest\/papers\/abstracts\/amengual_franquesa.pdf\" href=\"http:\/\/www.wu.ac.at\/inst\/fsnu\/budapest\/papers\/abstracts\/amengual_franquesa.pdf\" rel=\"nofollow\">abstract in PDF<\/a>) (<a class=\"external text\" title=\"http:\/\/personals.ac.upc.edu\/david\/recerca\/papers\/EASY-ECO.Amengual-finalreview.pdf\" href=\"http:\/\/personals.ac.upc.edu\/david\/recerca\/papers\/EASY-ECO.Amengual-finalreview.pdf\" rel=\"nofollow\">Article PDF<\/a>)<\/li>\n<\/ul>\n<ul style=\"text-align: justify;\">\n<li>Montse Farreras, David Franquesa, David L\u00f3pez. &#8220;TXT as a vehicle for Service Learning&#8221;. 9th Workshop in Active Learning for Engineering Education (<a class=\"external text\" title=\"http:\/\/personals.ac.upc.edu\/david\/recerca\/papers\/ALE2009_v2.pdf\" href=\"http:\/\/personals.ac.upc.edu\/david\/recerca\/papers\/ALE2009_v2.pdf\" rel=\"nofollow\">paper<\/a>, <a class=\"external text\" title=\"http:\/\/personals.ac.upc.edu\/david\/recerca\/papers\/poster63.pdf\" href=\"http:\/\/personals.ac.upc.edu\/david\/recerca\/papers\/poster63.pdf\" rel=\"nofollow\">poster<\/a>). Barcelona, July 2009.<\/li>\n<\/ul>\n<ul>\n<li style=\"text-align: justify;\">David Franquesa, Josep-Lloren\u00e7 Cruz, Carlos \u00c1lvarez, Ferm\u00edn S\u00e1nchez, Agust\u00edn Fern\u00e1ndez, David L\u00f3pez. &#8220;C\u00f3mo formar Ingenieros en Inform\u00e1tica en la competencia Sostenibilidad y Compromiso Social&#8221;. XV Jornadas de Ense\u00f1anza Universitaria de la Inform\u00e1tica, JENUI 2009. Barcelona, julio de 2009, pp 271-278. <a class=\"internal\" href=\"\/wiki\/index.php\/Especial:Fonts_bibliogr%C3%A0fiques\/9788469227589\">ISBN 978-84-692-2758-9<\/a>. (<a class=\"external text\" title=\"http:\/\/upcommons.upc.edu\/revistes\/bitstream\/2099\/7899\/6\/p155.pdf\" href=\"http:\/\/upcommons.upc.edu\/revistes\/bitstream\/2099\/7899\/6\/p155.pdf\" rel=\"nofollow\">PDF<\/a>)<\/li>\n<\/ul>\n<h4>2008<\/h4>\n<ul>\n<li style=\"text-align: justify;\">David Franquesa, David L\u00f3pez. &#8220;Promoviendo la implicaci\u00f3n del colectivo universitario en temas de contaminaci\u00f3n ambiental y social de equipos inform\u00e1ticos&#8221;. IV Congreso Universidad y Cooperaci\u00f3n al Desarrollo. Barcelona, noviembre 2008. (<a class=\"external text\" title=\"http:\/\/webs2002.uab.es\/fas\/congresocooperacion\/descargas\/Linea_Tematica_5\/Mesa_Sectorial_2\/A\/2.DavidFranquesa\/2.DavidFranquesa.pdf\" href=\"http:\/\/webs2002.uab.es\/fas\/congresocooperacion\/descargas\/Linea_Tematica_5\/Mesa_Sectorial_2\/A\/2.DavidFranquesa\/2.DavidFranquesa.pdf\" rel=\"nofollow\">PDF<\/a>)<\/li>\n<\/ul>\n<ul style=\"text-align: justify;\">\n<li>Javier Alonso, David L\u00f3pez, Josep-Lloren\u00e7 Cruz, Carlos \u00c1lvarez, Daniel Jim\u00e9nez-Gonz\u00e1lez, Agust\u00edn Fern\u00e1ndez, Ferm\u00edn S\u00e1nchez. &#8220;Work in Progress &#8211; Achieving the ABET professional Skills Using Solidarity Projects&#8221;. 38 Frontiers in Education Conference. Saratoga Springs, New York, USA, october 2008. Pp F1E9-10 IEEE, ISSN 978-1-4244-1970-8 (<a class=\"external text\" title=\"http:\/\/fie-conference.org\/fie2008\/papers\/1428.pdf\" href=\"http:\/\/fie-conference.org\/fie2008\/papers\/1428.pdf\" rel=\"nofollow\">PDF<\/a>)<\/li>\n<\/ul>\n<ul>\n<li style=\"text-align: justify;\">Javier Alonso, David L\u00f3pez, Javier Larrosa. &#8220;Experiencia en Proyectos Fin de Carrera de cooperaci\u00f3n con pa\u00edses en v\u00edas de desarrollo&#8221;. XIII Jornadas de Ense\u00f1anza Universitaria de la Inform\u00e1tica, JENUI 2007, pp 551-552. Teruel, Espa\u00f1a, julio 2007. <a class=\"internal\" href=\"\/wiki\/index.php\/Especial:Fonts_bibliogr%C3%A0fiques\/9788497326209\">ISBN 978-84-9732-620-9<\/a>. (<a class=\"external text\" title=\"http:\/\/bioinfo.uib.es\/~joemiro\/aenui\/procJenui\/Jen2007\/alexpe.pdf\" href=\"http:\/\/bioinfo.uib.es\/%7Ejoemiro\/aenui\/procJenui\/Jen2007\/alexpe.pdf\" rel=\"nofollow\">PDF<\/a>)<\/li>\n<\/ul>\n<h4>2006<\/h4>\n<ul>\n<li>David Franquesa. &#8220;Analfabetismo en Tecnolog\u00edas de la Informaci\u00f3n y Comunicaci\u00f3n (TIC) en adultos&#8221;. Bolet\u00edn de Din\u00e1mica de Sistemas. C\u00e1tedra UNESCO de Sostenibilidad de la UPC. Terrassa, Espa\u00f1a, Diciembre 2006. (<a class=\"external text\" title=\"http:\/\/dinamica-de-sistemas.com\/revista\/bads1206.htm\" href=\"http:\/\/dinamica-de-sistemas.com\/revista\/bads1206.htm\" rel=\"nofollow\">WEB<\/a>)<\/li>\n<\/ul>\n<p>&nbsp;<\/p>\n","protected":false},"excerpt":{"rendered":"<p>Publicacions 2013 David Franquesa, David L\u00f3pez, Leandro Navarro, and Ferm\u00edn S\u00e1nchez. &#8220;Participatory Service-Learning Process for FOSS-based solidarity Projects&#8221;. Chapter 4 in &#8220;Free and Open Source Software Technology for Sustainable Development&#8221; edited by Dr. Sulayman K. Sowe, Prof. Govindan Parayil and Prof. Atsushi Sunami, United Nations University Press. pp. 76-97. September 2012. ISBN: 978-92-808-1217-6 (Congreso) David &hellip; <a href=\"https:\/\/txt.upc.edu\/?page_id=81\" class=\"more-link\">Continue reading <span class=\"screen-reader-text\">Publicacions<\/span> <span class=\"meta-nav\">&rarr;<\/span><\/a><\/p>\n","protected":false},"author":1,"featured_media":0,"parent":0,"menu_order":3,"comment_status":"closed","ping_status":"closed","template":"","meta":{"footnotes":""},"class_list":["post-81","page","type-page","status-publish","hentry"],"_links":{"self":[{"href":"https:\/\/txt.upc.edu\/index.php?rest_route=\/wp\/v2\/pages\/81","targetHints":{"allow":["GET"]}}],"collection":[{"href":"https:\/\/txt.upc.edu\/index.php?rest_route=\/wp\/v2\/pages"}],"about":[{"href":"https:\/\/txt.upc.edu\/index.php?rest_route=\/wp\/v2\/types\/page"}],"author":[{"embeddable":true,"href":"https:\/\/txt.upc.edu\/index.php?rest_route=\/wp\/v2\/users\/1"}],"replies":[{"embeddable":true,"href":"https:\/\/txt.upc.edu\/index.php?rest_route=%2Fwp%2Fv2%2Fcomments&post=81"}],"version-history":[{"count":1,"href":"https:\/\/txt.upc.edu\/index.php?rest_route=\/wp\/v2\/pages\/81\/revisions"}],"predecessor-version":[{"id":308,"href":"https:\/\/txt.upc.edu\/index.php?rest_route=\/wp\/v2\/pages\/81\/revisions\/308"}],"wp:attachment":[{"href":"https:\/\/txt.upc.edu\/index.php?rest_route=%2Fwp%2Fv2%2Fmedia&parent=81"}],"curies":[{"name":"wp","href":"https:\/\/api.w.org\/{rel}","templated":true}]}}