{"id":61,"date":"2016-03-01T08:06:35","date_gmt":"2016-03-01T08:06:35","guid":{"rendered":"http:\/\/tecnologiaperatothom.hol.es\/?page_id=61"},"modified":"2017-11-03T11:42:06","modified_gmt":"2017-11-03T10:42:06","slug":"lassociacio","status":"publish","type":"page","link":"https:\/\/txt.upc.edu\/?page_id=61","title":{"rendered":"L&#8217;associaci\u00f3"},"content":{"rendered":"<ul>\n<li>Sensibilitzar en els aspectes de comprom\u00eds social, ambiental i cooperaci\u00f3 al desenvolupament hum\u00e0.<\/li>\n<li>Contribuir, mitjan\u00e7ant les TIC, a la millora de les condicions de sectors i indrets desfavorits.<\/li>\n<li>Promoure el comprom\u00eds i la responsabilitat social i ambiental a\/de la universitat.<\/li>\n<\/ul>\n<p>A TxT creiem que l&#8217;aprenentatge-servei contribueix positivament a millorar la formaci\u00f3 dels nostres enginyers i a con\u00e8ixer els reptes que ha d\u2019afrontar la universitat. \u00c9s per aix\u00f2 que oferim el nostre coneixement t\u00e8cnic i temps de lleure tant a la formaci\u00f3 no reglada com a la formaci\u00f3 reglada.<\/p>\n<p>Les persones que formem TxT volem difondre la problem\u00e0tica de la barrera digital i de la contaminaci\u00f3 ambiental dels equips inform\u00e0tics, i volem actuar per aturar-la o minimitzar-la.<\/p>\n","protected":false},"excerpt":{"rendered":"<p>Sensibilitzar en els aspectes de comprom\u00eds social, ambiental i cooperaci\u00f3 al desenvolupament hum\u00e0. Contribuir, mitjan\u00e7ant les TIC, a la millora de les condicions de sectors i indrets desfavorits. Promoure el comprom\u00eds i la responsabilitat social i ambiental a\/de la universitat. A TxT creiem que l&#8217;aprenentatge-servei contribueix positivament a millorar la formaci\u00f3 dels nostres enginyers i &hellip; <a href=\"https:\/\/txt.upc.edu\/?page_id=61\" class=\"more-link\">Continue reading <span class=\"screen-reader-text\">L&#8217;associaci\u00f3<\/span> <span class=\"meta-nav\">&rarr;<\/span><\/a><\/p>\n","protected":false},"author":1,"featured_media":0,"parent":0,"menu_order":4,"comment_status":"closed","ping_status":"closed","template":"","meta":{"footnotes":""},"class_list":["post-61","page","type-page","status-publish","hentry"],"_links":{"self":[{"href":"https:\/\/txt.upc.edu\/index.php?rest_route=\/wp\/v2\/pages\/61","targetHints":{"allow":["GET"]}}],"collection":[{"href":"https:\/\/txt.upc.edu\/index.php?rest_route=\/wp\/v2\/pages"}],"about":[{"href":"https:\/\/txt.upc.edu\/index.php?rest_route=\/wp\/v2\/types\/page"}],"author":[{"embeddable":true,"href":"https:\/\/txt.upc.edu\/index.php?rest_route=\/wp\/v2\/users\/1"}],"replies":[{"embeddable":true,"href":"https:\/\/txt.upc.edu\/index.php?rest_route=%2Fwp%2Fv2%2Fcomments&post=61"}],"version-history":[{"count":8,"href":"https:\/\/txt.upc.edu\/index.php?rest_route=\/wp\/v2\/pages\/61\/revisions"}],"predecessor-version":[{"id":406,"href":"https:\/\/txt.upc.edu\/index.php?rest_route=\/wp\/v2\/pages\/61\/revisions\/406"}],"wp:attachment":[{"href":"https:\/\/txt.upc.edu\/index.php?rest_route=%2Fwp%2Fv2%2Fmedia&parent=61"}],"curies":[{"name":"wp","href":"https:\/\/api.w.org\/{rel}","templated":true}]}}